{"id":574,"date":"2021-08-17T22:54:16","date_gmt":"2021-08-17T20:54:16","guid":{"rendered":"https:\/\/www.restaurantlamaisondulac.fr\/?page_id=574"},"modified":"2021-08-17T23:12:02","modified_gmt":"2021-08-17T21:12:02","slug":"mentions-legales","status":"publish","type":"page","link":"https:\/\/www.restaurantlamaisondulac.fr\/index.php\/mentions-legales\/","title":{"rendered":"Mentions l\u00e9gales"},"content":{"rendered":"\t\t<div data-elementor-type=\"wp-page\" data-elementor-id=\"574\" class=\"elementor elementor-574\" data-elementor-post-type=\"page\">\n\t\t\t\t\t\t<section class=\"elementor-section elementor-top-section elementor-element elementor-element-05ec9dc elementor-section-boxed elementor-section-height-default elementor-section-height-default\" data-id=\"05ec9dc\" data-element_type=\"section\">\n\t\t\t\t\t\t<div class=\"elementor-container elementor-column-gap-default\">\n\t\t\t\t\t<div class=\"elementor-column elementor-col-100 elementor-top-column elementor-element elementor-element-e81a9d7\" data-id=\"e81a9d7\" data-element_type=\"column\">\n\t\t\t<div class=\"elementor-widget-wrap elementor-element-populated\">\n\t\t\t\t\t\t<div class=\"elementor-element elementor-element-4a9afe1 elementor-widget elementor-widget-heading\" data-id=\"4a9afe1\" data-element_type=\"widget\" data-widget_type=\"heading.default\">\n\t\t\t\t<div class=\"elementor-widget-container\">\n\t\t\t\t\t<h2 class=\"elementor-heading-title elementor-size-default\">Mentions l\u00e9gales<\/h2>\t\t\t\t<\/div>\n\t\t\t\t<\/div>\n\t\t\t\t\t<\/div>\n\t\t<\/div>\n\t\t\t\t\t<\/div>\n\t\t<\/section>\n\t\t\t\t<section class=\"elementor-section elementor-top-section elementor-element elementor-element-23323ed elementor-section-boxed elementor-section-height-default elementor-section-height-default\" data-id=\"23323ed\" data-element_type=\"section\">\n\t\t\t\t\t\t<div class=\"elementor-container elementor-column-gap-default\">\n\t\t\t\t\t<div class=\"elementor-column elementor-col-100 elementor-top-column elementor-element elementor-element-d5923eb\" data-id=\"d5923eb\" data-element_type=\"column\">\n\t\t\t<div class=\"elementor-widget-wrap elementor-element-populated\">\n\t\t\t\t\t\t<div class=\"elementor-element elementor-element-2a3085a elementor-widget elementor-widget-text-editor\" data-id=\"2a3085a\" data-element_type=\"widget\" data-widget_type=\"text-editor.default\">\n\t\t\t\t<div class=\"elementor-widget-container\">\n\t\t\t\t\t\t\t\t\t<div class=\"elementor-element elementor-element-551190b8 elementor-widget elementor-widget-text-editor\" data-id=\"551190b8\" data-element_type=\"widget\" data-widget_type=\"text-editor.default\"><div class=\"elementor-widget-container\"><div class=\"elementor-text-editor elementor-clearfix\"><p>Merci de lire avec attention les diff\u00e9rentes modalit\u00e9s d\u2019utilisation du pr\u00e9sent site avant d\u2019y parcourir ses pages. En vous connectant sur ce site, vous acceptez, sans r\u00e9serves, les pr\u00e9sentes modalit\u00e9s. Aussi, conform\u00e9ment \u00e0 l\u2019article n\u00b06 de la Loi n\u00b02004-575 du 21 Juin 2004 pour la confiance dans l\u2019\u00e9conomie num\u00e9rique, les responsables du pr\u00e9sent site internet <a href=\"http:\/\/www.restaurantlamaisondulac.fr\">www.restaurantlamaisondulac.fr<\/a> sont :<\/p><p><strong>\u00c9diteur du Site : <\/strong><\/p><p>SARL M\u00e9larion<\/p><p>Num\u00e9ro de SIRET : xxx xxx xxx xxxxx<\/p><p>Responsable \u00e9ditorial : Marion Dos Ramos<\/p><p>T\u00e9l\u00e9phone : 05 81 29 54 17<\/p><p>Email : sarlmelarion@outlook.com<\/p><p>Site Web : www.restaurantlamaisondulac.fr<\/p><p><strong>H\u00e9bergement :<\/strong><\/p><p>H\u00e9bergeur : SAS OVH au capital de 10 069 020 \u20ac<br \/>RCS Lille M\u00e9tropole 424 761 419 00045<br \/>Code APE 2620Z<br \/>N\u00b0 TVA : FR 22 424 761 419<br \/>Si\u00e8ge social : 2 rue Kellermann &#8211; 59100 Roubaix &#8211; France <\/p><p>Site web : www.ovh.com<\/p><p><strong>D\u00e9veloppement : <\/strong>MP communication<\/p><p>Adresse : 14 rue du trinquet, 09330 Montgailhard<\/p><p>Site Web : <a href=\"http:\/\/www.com-digitale.fr\" target=\"_blank\" rel=\"noopener\">www.com-digitale.fr<\/a><\/p><\/div><\/div><\/div>\t\t\t\t\t\t\t\t<\/div>\n\t\t\t\t<\/div>\n\t\t\t\t\t<\/div>\n\t\t<\/div>\n\t\t\t\t\t<\/div>\n\t\t<\/section>\n\t\t\t\t<\/div>\n\t\t","protected":false},"excerpt":{"rendered":"<p>Mentions l\u00e9gales Merci de lire avec attention les diff\u00e9rentes modalit\u00e9s d\u2019utilisation du pr\u00e9sent site avant d\u2019y parcourir ses pages. En vous connectant sur ce site, vous acceptez, sans r\u00e9serves, les pr\u00e9sentes modalit\u00e9s. Aussi, conform\u00e9ment \u00e0 l\u2019article n\u00b06 de la Loi n\u00b02004-575 du 21 Juin 2004 pour la confiance dans l\u2019\u00e9conomie num\u00e9rique, les responsables du pr\u00e9sent [&hellip;]<\/p>\n","protected":false},"author":1,"featured_media":0,"parent":0,"menu_order":0,"comment_status":"closed","ping_status":"closed","template":"elementor_header_footer","meta":{"footnotes":""},"class_list":["post-574","page","type-page","status-publish","hentry"],"_links":{"self":[{"href":"https:\/\/www.restaurantlamaisondulac.fr\/index.php\/wp-json\/wp\/v2\/pages\/574","targetHints":{"allow":["GET"]}}],"collection":[{"href":"https:\/\/www.restaurantlamaisondulac.fr\/index.php\/wp-json\/wp\/v2\/pages"}],"about":[{"href":"https:\/\/www.restaurantlamaisondulac.fr\/index.php\/wp-json\/wp\/v2\/types\/page"}],"author":[{"embeddable":true,"href":"https:\/\/www.restaurantlamaisondulac.fr\/index.php\/wp-json\/wp\/v2\/users\/1"}],"replies":[{"embeddable":true,"href":"https:\/\/www.restaurantlamaisondulac.fr\/index.php\/wp-json\/wp\/v2\/comments?post=574"}],"version-history":[{"count":7,"href":"https:\/\/www.restaurantlamaisondulac.fr\/index.php\/wp-json\/wp\/v2\/pages\/574\/revisions"}],"predecessor-version":[{"id":587,"href":"https:\/\/www.restaurantlamaisondulac.fr\/index.php\/wp-json\/wp\/v2\/pages\/574\/revisions\/587"}],"wp:attachment":[{"href":"https:\/\/www.restaurantlamaisondulac.fr\/index.php\/wp-json\/wp\/v2\/media?parent=574"}],"curies":[{"name":"wp","href":"https:\/\/api.w.org\/{rel}","templated":true}]}}